{"id":22034,"date":"2024-02-08T12:58:47","date_gmt":"2024-02-08T12:58:47","guid":{"rendered":"https:\/\/newtondynamics.co.uk\/wpbc-booking\/"},"modified":"2024-05-03T05:11:39","modified_gmt":"2024-05-03T05:11:39","slug":"wpbc-booking","status":"publish","type":"page","link":"https:\/\/newtondynamics.co.uk\/sv\/wpbc-booking\/","title":{"rendered":"Bokningsformul\u00e4r"},"content":{"rendered":"\t\t<div data-elementor-type=\"wp-page\" data-elementor-id=\"22034\" class=\"elementor elementor-22034 elementor-13669\">\n\t\t\t\t\t\t<section class=\"elementor-section elementor-top-section elementor-element elementor-element-16b257a6 elementor-section-boxed elementor-section-height-default elementor-section-height-default\" data-id=\"16b257a6\" data-element_type=\"section\">\n\t\t\t\t\t\t<div class=\"elementor-container elementor-column-gap-default\">\n\t\t\t\t\t<div class=\"elementor-column elementor-col-100 elementor-top-column elementor-element elementor-element-58b33405\" data-id=\"58b33405\" data-element_type=\"column\">\n\t\t\t<div class=\"elementor-widget-wrap elementor-element-populated\">\n\t\t\t\t\t\t<div class=\"elementor-element elementor-element-152ebfa9 elementor-widget elementor-widget-shortcode\" data-id=\"152ebfa9\" data-element_type=\"widget\" data-widget_type=\"shortcode.default\">\n\t\t\t\t<div class=\"elementor-widget-container\">\n\t\t\t\t\t<div class=\"elementor-shortcode\"> <div id=\"form_id1268076919852\"  class=\"wpbc_container wpbc_container_booking_form  wpdevelop \" ><form  id=\"booking_form1\"   class=\"booking_form vertical\" method=\"post\" action=\"\"><div id=\"ajax_respond_insert1\" class=\"ajax_respond_insert\" style=\"display:none;\"><\/div><a name=\"bklnk1\" id=\"bklnk1\"><\/a><div id=\"booking_form_div1\" class=\"booking_form_div\"><style type=\"text\/css\">.wpbc_container_booking_form .block_hints, .wpbc_booking_form_simple .wpbc__form__div{max-width:440px;} <\/style>\n<div class=\"wpbc_booking_form_simple \">\n<div class=\"wpbc_calendar_wraper wpbc_change_over_triangle\"><div class=\"bk_calendar_frame wpbc_no_custom_width  months_num_in_row_ cal_month_num_1\" style=\"\"><div id=\"calendar_booking1\">Kalendern laddas...<\/div><\/div><div style=\"font-size:7px;text-align:left;margin:0 0 10px;text-shadow: none;\">Powered by <a href=\"https:\/\/wpbookingcalendar.com\" target=\"_blank\" title=\"Booking Calendar plugin for WordPress\">Booking Calendar<\/a><\/div><textarea id=\"date_booking1\" name=\"date_booking1\" autocomplete=\"off\" style=\"display:none;\"><\/textarea><div class=\"block_hints datepick  block_hints_vertical \"><div class=\"wpdev_hint_with_text\"><div class=\"block_free datepick-days-cell\"><a>11<\/a><\/div><div class=\"block_text\">- <\/div><div class=\"block_text\">Available<\/div><\/div><div class=\"wpdev_hint_with_text\"><div class=\"block_booked date_approved\">11<\/div><div class=\"block_text\">- <\/div><div class=\"block_text\">Booked<\/div><\/div><div class=\"wpdev_hint_with_text\"><div class=\"block_pending date2approve\">11<\/div><div class=\"block_text\">- <\/div><div class=\"block_text\">Pending<\/div><\/div><\/div><\/div>\n<div class=\"wpbc__form__div\">\n\t<div class=\"wpbc__row\">\n\t\t<div class=\"wpbc__field\">  <label for=\"rangetime1\">Time Slots*:<\/label><br>   <select name=\"rangetime1\" id=\"rangetime1\" class=\"input-xlarge wpdev-validates-as-required\" >  <option value=\"09:00 - 10:00\" >9:00 AM - 10:00 AM<\/option>  <option value=\"10:00 - 11:00\" >10:00 AM - 11:00 AM<\/option>  <option value=\"11:00 - 12:00\" >11:00 AM - 12:00 PM (Noon)<\/option>  <option value=\"12:00 - 13:00\" >12:00 PM (Noon) - 1:00 PM<\/option>  <option value=\"13:00 - 14:00\" >1:00 PM - 2:00 PM<\/option>  <option value=\"14:00 - 15:00\" >2:00 PM - 3:00 PM<\/option>  <option value=\"15:00 - 16:00\" >3:00 PM - 4:00 PM<\/option>  <option value=\"16:00 - 17:00\" >4:00 PM - 5:00 PM<\/option>  <option value=\"17:00 - 18:00\" >5:00 PM - 6:00 PM<\/option>  <option value=\"18:00 - 19:00\" >6:00 PM - 7:00 PM<\/option>  <option value=\"00:00 - 24:00\" >Full Day<\/option>     <\/select><\/div>\n\t<\/div>\n\t<div class=\"wpbc__row\">\n\t\t<div class=\"wpbc__field\">  <label for=\"name1\">First Name*:<\/label><br>   <input type=\"text\" name=\"name1\" id=\"name1\" class=\"input-xlarge wpdev-validates-as-required\" \/><\/div>\n\t<\/div>\n\t<div class=\"wpbc__row\">\n\t\t<div class=\"wpbc__field\">  <label for=\"secondname1\">Last Name*:<\/label><br>   <input type=\"text\" name=\"secondname1\" id=\"secondname1\" class=\"input-xlarge wpdev-validates-as-required\" \/><\/div>\n\t<\/div>\n\t<div class=\"wpbc__row\">\n\t\t<div class=\"wpbc__field\">  <label for=\"email1\">Email*:<\/label><br>   <input type=\"text\" name=\"email1\" id=\"email1\" class=\"input-xlarge wpdev-validates-as-email wpdev-validates-as-required wpdev-validates-as-required\" \/><\/div>\n\t<\/div>\n\t<div class=\"wpbc__row\">\n\t\t<div class=\"wpbc__field\">  <label for=\"phone1\">Phone*:<\/label><br>   <input type=\"text\" name=\"phone1\" id=\"phone1\" class=\"input-xlarge wpdev-validates-as-required\" \/><\/div>\n\t<\/div>\n\t<div class=\"wpbc__row\">\n\t\t<div class=\"wpbc__field\">  <label for=\"companyname1\">Company Name*:<\/label><br>   <input type=\"text\" name=\"companyname1\" id=\"companyname1\" class=\"input-xlarge wpdev-validates-as-required\" \/><\/div>\n\t<\/div>\n\t<div class=\"wpbc__row\">\n\t\t<div class=\"wpbc__field\">  <label for=\"details1\">Details:<\/label><br>   <textarea  rows=\"3\" name=\"details1\" id=\"details1\" class=\"input-xlarge\" ><\/textarea><\/div>\n\t<\/div>\n\t<div class=\"wpbc__row\">\n\t\t<div class=\"wpbc__field\"> <p><button class=\"wpbc_button_light\" type=\"button\" onclick=\"mybooking_submit(this.form,1,'sv_SE');\" >Send<\/button><\/p> <\/div>\n\t<\/div>\n<\/div>\n<\/div><input id=\"bk_type1\" name=\"bk_type1\" class=\"\" type=\"hidden\" value=\"1\" \/><\/div><div id=\"submiting1\"><\/div><div class=\"form_bk_messages\" id=\"form_bk_messages1\" ><\/div><input type=\"hidden\" id=\"wpbc_nonceCALCULATE_THE_COST1\" name=\"wpbc_nonceCALCULATE_THE_COST1\" value=\"46f0472563\" \/><input type=\"hidden\" name=\"_wp_http_referer\" value=\"\/sv\/wp-json\/wp\/v2\/pages\/22034\" \/><\/form><\/div><div id=\"booking_form_garbage1\" class=\"booking_form_garbage\"><\/div><script type=\"text\/javascript\">\n                                jQuery(document).ready( function(){\n                                    jQuery(\".widget_wpdev_booking .booking_form.form-horizontal\").removeClass(\"form-horizontal\");\n                                    var visible_calendars_count = _wpbc.get_other_param( \"calendars__on_this_page\" ).length;\n                                    if (visible_calendars_count !== null ) {\n                                        for (var i=0;i< visible_calendars_count ;i++){\n                                          if ( _wpbc.get_other_param( \"calendars__on_this_page\" )[i] === 1 ) {\n                                              document.getElementById(\"form_id1268076919852\").innerHTML = \"<span style='color:#A00;font-size:10px;'>Varning! Bokningskalender f\u00f6r denna bokningsresurs finns redan p\u00e5 sidan, du kan l\u00e4sa mer om detta p\u00e5 denna sida: https:\/\/wpbookingcalendar.com\/faq\/why-the-booking-calendar-widget-not-show-on-page\/<\/span>\";                                                                                                  \n                                              jQuery(\"#form_id1268076919852\").animate( {opacity: 1}, 10000 ).fadeOut(5000);\n                                              return;\n                                          }\n                                        }\n                                        _wpbc.get_other_param( \"calendars__on_this_page\" )[ visible_calendars_count ]=1;\n                                    }\n                                });\n                            <\/script> <script type='text\/javascript'> jQuery(document).ready( function(){  _wpbc.balancer__set_max_threads( 3 );  _wpbc.calendar__set_param_value( 1 , 'calendar_scroll_to' , false );  _wpbc.calendar__set_param_value( 1 , 'booking_max_monthes_in_calendar' , '2y' );  _wpbc.calendar__set_param_value( 1 , 'booking_start_day_weeek' , '1' );  _wpbc.calendar__set_param_value( 1 , 'calendar_number_of_months' , '1' );   _wpbc.calendar__set_param_value( 1, 'days_select_mode', 'single' );   _wpbc.calendar__set_param_value( 1, 'fixed__days_num', 0 );   _wpbc.calendar__set_param_value( 1, 'fixed__week_days__start',   [] );   _wpbc.calendar__set_param_value( 1, 'dynamic__days_min', 0 );   _wpbc.calendar__set_param_value( 1, 'dynamic__days_max', 0 );   _wpbc.calendar__set_param_value( 1, 'dynamic__days_specific',    [] );   _wpbc.calendar__set_param_value( 1, 'dynamic__week_days__start', [] );   _wpbc.calendar__set_param_value( 1, 'booking_date_format', 'F j, Y' );   _wpbc.calendar__set_param_value( 1, 'booking_time_format', 'g:i A' );   if ( 'function' === typeof ( wpbc__conditions__SAVE_INITIAL__days_selection_params__bm ) ){ wpbc__conditions__SAVE_INITIAL__days_selection_params__bm( 1 ); }   wpbc_calendar_show( '1' );   _wpbc.set_secure_param( 'nonce',   '18324d5489' );   _wpbc.set_secure_param( 'user_id', '0' );   _wpbc.set_secure_param( 'locale',  'sv_SE' );  wpbc_calendar__load_data__ajx( {\"resource_id\":1,\"booking_hash\":\"\",\"request_uri\":\"\\\/sv\\\/wp-json\\\/wp\\\/v2\\\/pages\\\/22034\",\"custom_form\":\"standard\",\"aggregate_resource_id_str\":\"\",\"aggregate_type\":\"all\"} );  } ); <\/script><\/div>\n\t\t\t\t<\/div>\n\t\t\t\t<\/div>\n\t\t\t\t\t<\/div>\n\t\t<\/div>\n\t\t\t\t\t<\/div>\n\t\t<\/section>\n\t\t\t\t<\/div>\n\t\t","protected":false},"excerpt":{"rendered":"","protected":false},"author":1,"featured_media":0,"parent":0,"menu_order":0,"comment_status":"closed","ping_status":"closed","template":"","meta":{"footnotes":""},"class_list":["post-22034","page","type-page","status-publish","hentry"],"yoast_head":"<!-- This site is optimized with the Yoast SEO plugin v23.4 - https:\/\/yoast.com\/wordpress\/plugins\/seo\/ -->\n<title>Bokningsformul\u00e4r - Newton Dynamics<\/title>\n<meta name=\"robots\" content=\"index, follow, max-snippet:-1, max-image-preview:large, max-video-preview:-1\" \/>\n<link rel=\"canonical\" href=\"https:\/\/newtondynamics.co.uk\/wpbc-booking\/\" \/>\n<meta property=\"og:locale\" content=\"sv_SE\" \/>\n<meta property=\"og:type\" content=\"article\" \/>\n<meta property=\"og:title\" content=\"Bokningsformul\u00e4r - Newton Dynamics\" \/>\n<meta property=\"og:url\" content=\"https:\/\/newtondynamics.co.uk\/wpbc-booking\/\" \/>\n<meta property=\"og:site_name\" content=\"Newton Dynamics\" \/>\n<meta property=\"article:modified_time\" content=\"2024-05-03T05:11:39+00:00\" \/>\n<meta name=\"twitter:card\" content=\"summary_large_image\" \/>\n<script type=\"application\/ld+json\" class=\"yoast-schema-graph\">{\"@context\":\"https:\/\/schema.org\",\"@graph\":[{\"@type\":\"WebPage\",\"@id\":\"https:\/\/newtondynamics.co.uk\/wpbc-booking\/\",\"url\":\"https:\/\/newtondynamics.co.uk\/wpbc-booking\/\",\"name\":\"Bokningsformul\u00e4r - Newton Dynamics\",\"isPartOf\":{\"@id\":\"https:\/\/newtondynamics.co.uk\/de\/#website\"},\"datePublished\":\"2024-02-08T12:58:47+00:00\",\"dateModified\":\"2024-05-03T05:11:39+00:00\",\"breadcrumb\":{\"@id\":\"https:\/\/newtondynamics.co.uk\/wpbc-booking\/#breadcrumb\"},\"inLanguage\":\"sv-SE\",\"potentialAction\":[{\"@type\":\"ReadAction\",\"target\":[\"https:\/\/newtondynamics.co.uk\/wpbc-booking\/\"]}]},{\"@type\":\"BreadcrumbList\",\"@id\":\"https:\/\/newtondynamics.co.uk\/wpbc-booking\/#breadcrumb\",\"itemListElement\":[{\"@type\":\"ListItem\",\"position\":1,\"name\":\"Home\",\"item\":\"https:\/\/newtondynamics.co.uk\/sv\/\"},{\"@type\":\"ListItem\",\"position\":2,\"name\":\"Bokningsformul\u00e4r\"}]},{\"@type\":\"WebSite\",\"@id\":\"https:\/\/newtondynamics.co.uk\/de\/#website\",\"url\":\"https:\/\/newtondynamics.co.uk\/de\/\",\"name\":\"Newton Dynamics\",\"description\":\"\",\"potentialAction\":[{\"@type\":\"SearchAction\",\"target\":{\"@type\":\"EntryPoint\",\"urlTemplate\":\"https:\/\/newtondynamics.co.uk\/de\/?s={search_term_string}\"},\"query-input\":{\"@type\":\"PropertyValueSpecification\",\"valueRequired\":true,\"valueName\":\"search_term_string\"}}],\"inLanguage\":\"sv-SE\"}]}<\/script>\n<!-- \/ Yoast SEO plugin. -->","yoast_head_json":{"title":"Bokningsformul\u00e4r - Newton Dynamics","robots":{"index":"index","follow":"follow","max-snippet":"max-snippet:-1","max-image-preview":"max-image-preview:large","max-video-preview":"max-video-preview:-1"},"canonical":"https:\/\/newtondynamics.co.uk\/wpbc-booking\/","og_locale":"sv_SE","og_type":"article","og_title":"Bokningsformul\u00e4r - Newton Dynamics","og_url":"https:\/\/newtondynamics.co.uk\/wpbc-booking\/","og_site_name":"Newton Dynamics","article_modified_time":"2024-05-03T05:11:39+00:00","twitter_card":"summary_large_image","schema":{"@context":"https:\/\/schema.org","@graph":[{"@type":"WebPage","@id":"https:\/\/newtondynamics.co.uk\/wpbc-booking\/","url":"https:\/\/newtondynamics.co.uk\/wpbc-booking\/","name":"Bokningsformul\u00e4r - Newton Dynamics","isPartOf":{"@id":"https:\/\/newtondynamics.co.uk\/de\/#website"},"datePublished":"2024-02-08T12:58:47+00:00","dateModified":"2024-05-03T05:11:39+00:00","breadcrumb":{"@id":"https:\/\/newtondynamics.co.uk\/wpbc-booking\/#breadcrumb"},"inLanguage":"sv-SE","potentialAction":[{"@type":"ReadAction","target":["https:\/\/newtondynamics.co.uk\/wpbc-booking\/"]}]},{"@type":"BreadcrumbList","@id":"https:\/\/newtondynamics.co.uk\/wpbc-booking\/#breadcrumb","itemListElement":[{"@type":"ListItem","position":1,"name":"Home","item":"https:\/\/newtondynamics.co.uk\/sv\/"},{"@type":"ListItem","position":2,"name":"Bokningsformul\u00e4r"}]},{"@type":"WebSite","@id":"https:\/\/newtondynamics.co.uk\/de\/#website","url":"https:\/\/newtondynamics.co.uk\/de\/","name":"Newton Dynamics","description":"","potentialAction":[{"@type":"SearchAction","target":{"@type":"EntryPoint","urlTemplate":"https:\/\/newtondynamics.co.uk\/de\/?s={search_term_string}"},"query-input":{"@type":"PropertyValueSpecification","valueRequired":true,"valueName":"search_term_string"}}],"inLanguage":"sv-SE"}]}},"_links":{"self":[{"href":"https:\/\/newtondynamics.co.uk\/sv\/wp-json\/wp\/v2\/pages\/22034"}],"collection":[{"href":"https:\/\/newtondynamics.co.uk\/sv\/wp-json\/wp\/v2\/pages"}],"about":[{"href":"https:\/\/newtondynamics.co.uk\/sv\/wp-json\/wp\/v2\/types\/page"}],"author":[{"embeddable":true,"href":"https:\/\/newtondynamics.co.uk\/sv\/wp-json\/wp\/v2\/users\/1"}],"replies":[{"embeddable":true,"href":"https:\/\/newtondynamics.co.uk\/sv\/wp-json\/wp\/v2\/comments?post=22034"}],"version-history":[{"count":2,"href":"https:\/\/newtondynamics.co.uk\/sv\/wp-json\/wp\/v2\/pages\/22034\/revisions"}],"predecessor-version":[{"id":22061,"href":"https:\/\/newtondynamics.co.uk\/sv\/wp-json\/wp\/v2\/pages\/22034\/revisions\/22061"}],"wp:attachment":[{"href":"https:\/\/newtondynamics.co.uk\/sv\/wp-json\/wp\/v2\/media?parent=22034"}],"curies":[{"name":"wp","href":"https:\/\/api.w.org\/{rel}","templated":true}]}}